{"id":11,"date":"2022-09-01T17:59:53","date_gmt":"2022-09-01T17:59:53","guid":{"rendered":"https:\/\/provida.com.vc\/?page_id=11"},"modified":"2022-09-16T02:50:30","modified_gmt":"2022-09-16T02:50:30","slug":"home","status":"publish","type":"page","link":"https:\/\/provida.com.vc\/","title":{"rendered":"Home"},"content":{"rendered":"<div class=\"brz-root__container brz-reset-all\">\n<section data-uid=\"njlgkfbbwhrxngozlqrndhujhierakyieqjw\" id=\"njlgkfbbwhrxngozlqrndhujhierakyieqjw\" class=\"brz-section brz-css-rdnnv brz-css-mkoub\">\n<div class=\"brz-section__content brz-section--boxed brz-css-gztpu brz-css-ytpyn\" data-custom-id=\"piisgfijwbshzauwzpybqczxcxhcrvugpyzx\">\n<div class=\"brz-container brz-css-zqwyo\">\n<div class=\"brz-css-rhcmz brz-wrapper\">\n<div class=\"brz-rich-text brz-rich-text__custom brz-css-iinfj\" data-custom-id=\"jlwdjgzhzzhuzxoyoyznafyxnzmagtcmcpuy\">\n<div>\n<p class=\"brz-css-jupik\" data-generated-css=\"brz-css-cmezf\" data-uniq-id=\"fpojf\"><strong class=\"brz-cp-color7\">As informa\u00e7\u00f5es Pr\u00f3-Vida em um s\u00f3 lugar<\/strong><\/p>\n<\/div>\n<\/div>\n<\/div>\n<\/div>\n<\/div>\n<\/section>\n<section data-uid=\"cpsfbaxoozzmfohqfiparaukkgmzsrsvqpqx\" id=\"cpsfbaxoozzmfohqfiparaukkgmzsrsvqpqx\" class=\"brz-section brz-css-rdnnv brz-css-zijun\">\n<div class=\"brz-section__content brz-section--boxed brz-css-gztpu brz-css-uesgw\" data-custom-id=\"fziacucnfwzwtajjkgsrmkqhpankiyfryoer\">\n<div class=\"brz-bg\">\n<div class=\"brz-bg-image\"><\/div>\n<\/div>\n<div class=\"brz-container brz-css-zqwyo\"><\/div>\n<\/div>\n<\/section>\n<section data-uid=\"rberadsadnkfrwgcuraqnwszoexsdkphjjlp\" id=\"rberadsadnkfrwgcuraqnwszoexsdkphjjlp\" class=\"brz-section brz-css-rdnnv brz-css-owdiz\">\n<div class=\"brz-section__content brz-section--boxed brz-css-gztpu brz-css-ogfls\" data-custom-id=\"wukjdrhxotrtkzuoadptlysaayucexhavcxl\">\n<div class=\"brz-bg\">\n<div class=\"brz-bg-image brz-bg-image-parallax\"><\/div>\n<\/div>\n<div class=\"brz-container brz-css-zqwyo\"><\/div>\n<\/div>\n<\/section>\n<section data-uid=\"gawlfugsvwpgwyfvdaudttulttirwygptwef\" id=\"gawlfugsvwpgwyfvdaudttulttirwygptwef\" class=\"brz-section brz-css-rdnnv\">\n<div class=\"brz-section__content brz-section--boxed brz-css-gztpu brz-css-urwsi\" data-custom-id=\"loowemtiawajoconddbnppsblcotbzscvado\">\n<div class=\"brz-container brz-css-zqwyo\">\n<div class=\"brz-css-rhcmz brz-wrapper\">\n<div class=\"brz-carousel css-1wleb0m\" data-custom-id=\"blfjhorbwxuyqmqutuhvtwbwxrdugvjqtuho\">\n<div class=\"brz-carousel__slider\" data-slides-to-show=\"3\" data-slides-to-scroll=\"1\" data-arrows=\"true\" data-dots=\"true\" data-dots-class=\"brz-slick-slider__dots brz-slick-slider__dots--circle\" data-auto-play=\"true\" data-auto-play-speed=\"3000\" data-swipe=\"true\" data-responsive=\"%5B%7B%22breakpoint%22%3A991%2C%22settings%22%3A%7B%22slidesToShow%22%3A2%2C%22slidesToScroll%22%3A1%7D%7D%2C%7B%22breakpoint%22%3A767%2C%22settings%22%3A%7B%22slidesToShow%22%3A1%2C%22slidesToScroll%22%3A1%7D%7D%5D\">\n<div class=\"brz-carousel__item\">\n<div class=\"brz-columns brz-css-tmpws brz-css-qozeg\" data-custom-id=\"ocsgvugercwmwnkvramjwehrxszbmrefjuny\">\n<div class=\"brz-column__items brz-css-uywdm\">\n<div class=\"brz-css-rhcmz brz-wrapper\">\n<div class=\"brz-image brz-css-zrgjy\"><picture class=\"brz-picture brz-d-block brz-p-relative brz-css-krwks brz-css-jqsni\" data-custom-id=\"bmqawgafbcyfeiblxxesfqavgwmvterbvkdr\"><source srcset=\"https:\/\/provida.com.vc\/wp-content\/uploads\/2022\/09\/2022-09-02-08_20_01-MapSVG-\u2039-provida-com-vc-\u2014-WordPress.png 1x, https:\/\/provida.com.vc\/wp-content\/uploads\/2022\/09\/2022-09-02-08_20_01-MapSVG-\u2039-provida-com-vc-\u2014-WordPress.png 2x\" media=\"(min-width: 992px)\" \/><source srcset=\"https:\/\/provida.com.vc\/wp-content\/uploads\/2022\/09\/2022-09-02-08_20_01-MapSVG-\u2039-provida-com-vc-\u2014-WordPress.png 1x, https:\/\/provida.com.vc\/wp-content\/uploads\/2022\/09\/2022-09-02-08_20_01-MapSVG-\u2039-provida-com-vc-\u2014-WordPress.png 2x\" media=\"(min-width: 768px)\" \/><img class=\"brz-img\" srcset=\"https:\/\/provida.com.vc\/wp-content\/uploads\/2022\/09\/2022-09-02-08_20_01-MapSVG-\u2039-provida-com-vc-\u2014-WordPress.png 1x, https:\/\/provida.com.vc\/wp-content\/uploads\/2022\/09\/2022-09-02-08_20_01-MapSVG-\u2039-provida-com-vc-\u2014-WordPress.png 2x\" src=\"https:\/\/provida.com.vc\/wp-content\/uploads\/2022\/09\/2022-09-02-08_20_01-MapSVG-\u2039-provida-com-vc-\u2014-WordPress.png\" alt=\"\" draggable=\"false\" loading=\"lazy\" \/><\/picture><\/div>\n<\/div>\n<div class=\"brz-css-rhcmz brz-wrapper\">\n<div class=\"brz-rich-text brz-rich-text__custom brz-css-iinfj\" data-custom-id=\"kghlmngdvkxccdcevehszahasnzoceaeavrd\">\n<div>\n<p class=\"brz-css-pdosy\" data-uniq-id=\"ajmrn\" data-generated-css=\"brz-css-mlask\"><span class=\"brz-cp-color7\">Aqui voc\u00ea encontra o mapa do Brasil com a localiza\u00e7\u00e3o e informa\u00e7\u00e3o de todas as casas de apoio Pr\u00f3-Vida do Brasil. <\/span><\/p>\n<\/div>\n<\/div>\n<\/div>\n<div class=\"brz-wrapper-clone brz-css-juqbz\">\n<div class=\"brz-d-xs-flex brz-flex-xs-wrap brz-css-pbtaa\">\n<div class=\"brz-wrapper-clone__item brz-css-ztqzd\" id=\"bizldpgsgxsligaxuycrtbuwgtwuykrbqnxr\"><a class=\"brz-a brz-btn brz-css-jondi brz-css-qntdx\" href=\"#qlnkchaijaelhmddlmtfqrqjezfdzcvgqpgq\" data-brz-link-type=\"popup\" id data-custom-id=\"bizldpgsgxsligaxuycrtbuwgtwuykrbqnxr\"><svg version=\"1.1\" xmlns=\"http:\/\/www.w3.org\/2000\/svg\" xmlns:xlink=\"http:\/\/www.w3.org\/1999\/xlink\" x=\"0px\" y=\"0px\" viewbox=\"0 0 24 24\" xml:space=\"preserve\" class=\"brz-icon-svg brz-css-vqtnr\" data-type=\"glyph\" data-name=\"circle-right-37\"><g class=\"nc-icon-wrapper\"><path fill=\"currentColor\" d=\"M12,0C5.383,0,0,5.383,0,12s5.383,12,12,12s12-5.383,12-12S18.617,0,12,0z M10,17.414L8.586,16l4-4l-4-4 L10,6.586L15.414,12L10,17.414z\" \/><\/g><\/svg><span class=\"brz-span brz-text__editor\">Mapa Pr\u00f3-Vida<\/span><\/a><\/div>\n<\/div>\n<\/div>\n<\/div>\n<\/div>\n<\/div>\n<div class=\"brz-carousel__item\">\n<div class=\"brz-columns brz-css-tmpws brz-css-qozeg\" data-custom-id=\"mvzppoinfnbtkhpwrzkufzaropacmbdorvcy\">\n<div class=\"brz-column__items brz-css-uywdm\">\n<div class=\"brz-css-rhcmz brz-wrapper\">\n<div class=\"brz-image brz-css-gvxso\"><picture class=\"brz-picture brz-d-block brz-p-relative brz-css-oimlk brz-css-cgzst\" data-custom-id=\"rqxoszzuumwnyfurblmewbseeguensxvmdwl\"><source srcset=\"https:\/\/provida.com.vc\/wp-content\/uploads\/2022\/09\/MAPSVG-MUndo-Pro-Vida.png 1x, https:\/\/provida.com.vc\/wp-content\/uploads\/2022\/09\/MAPSVG-MUndo-Pro-Vida.png 2x\" media=\"(min-width: 992px)\" \/><source srcset=\"https:\/\/provida.com.vc\/wp-content\/uploads\/2022\/09\/MAPSVG-MUndo-Pro-Vida.png 1x, https:\/\/provida.com.vc\/wp-content\/uploads\/2022\/09\/MAPSVG-MUndo-Pro-Vida.png 2x\" media=\"(min-width: 768px)\" \/><img class=\"brz-img\" srcset=\"https:\/\/provida.com.vc\/wp-content\/uploads\/2022\/09\/MAPSVG-MUndo-Pro-Vida.png 1x, https:\/\/provida.com.vc\/wp-content\/uploads\/2022\/09\/MAPSVG-MUndo-Pro-Vida.png 2x\" src=\"https:\/\/provida.com.vc\/wp-content\/uploads\/2022\/09\/MAPSVG-MUndo-Pro-Vida.png\" alt=\"\" draggable=\"false\" loading=\"lazy\" \/><\/picture><\/div>\n<\/div>\n<div class=\"brz-css-rhcmz brz-wrapper\">\n<div class=\"brz-rich-text brz-rich-text__custom brz-css-iinfj\" data-custom-id=\"rfqllgjqyrsmuaktiulddimxfgeugdyxwswh\">\n<div>\n<p class=\"brz-css-wftfz\" data-uniq-id=\"xgeuy\" data-generated-css=\"brz-css-jmhbo\">Selecione o pa\u00eds e veja as informa\u00e7\u00f5es sobre interna\u00e7\u00f5es maternas, m\u00e3es que partiram e <span style=\"background-color: rgb(255, 255, 255);\">fugitivos da vida.<\/span><\/p>\n<\/div>\n<\/div>\n<\/div>\n<div class=\"brz-wrapper-clone brz-css-juqbz\">\n<div class=\"brz-d-xs-flex brz-flex-xs-wrap brz-css-pbtaa\">\n<div class=\"brz-wrapper-clone__item brz-css-ztqzd\" id=\"hjqruoyaqqmcqbqvdrqblgxrqouaefuurjef\"><a class=\"brz-a brz-btn brz-css-jondi brz-css-hdftt\" href=\"#krjxbcsdmtrqlemxeabrqvyucpnaoqyhtoqi\" data-brz-link-type=\"popup\" id data-custom-id=\"hjqruoyaqqmcqbqvdrqblgxrqouaefuurjef\"><svg version=\"1.1\" xmlns=\"http:\/\/www.w3.org\/2000\/svg\" xmlns:xlink=\"http:\/\/www.w3.org\/1999\/xlink\" x=\"0px\" y=\"0px\" viewbox=\"0 0 24 24\" xml:space=\"preserve\" class=\"brz-icon-svg brz-css-vqtnr\" data-type=\"glyph\" data-name=\"circle-right-37\"><g class=\"nc-icon-wrapper\"><path fill=\"currentColor\" d=\"M12,0C5.383,0,0,5.383,0,12s5.383,12,12,12s12-5.383,12-12S18.617,0,12,0z M10,17.414L8.586,16l4-4l-4-4 L10,6.586L15.414,12L10,17.414z\" \/><\/g><\/svg><span class=\"brz-span brz-text__editor\">Dados por Pa\u00eds<\/span><\/a><\/div>\n<\/div>\n<\/div>\n<\/div>\n<\/div>\n<\/div>\n<div class=\"brz-carousel__item\">\n<div class=\"brz-columns brz-css-tmpws brz-css-qozeg\" data-custom-id=\"pgnbaashfofsyepimokytheflfusivlzfufo\">\n<div class=\"brz-column__items brz-css-uywdm\">\n<div class=\"brz-css-rhcmz brz-wrapper\">\n<div class=\"brz-image brz-css-xgnva\"><picture class=\"brz-picture brz-d-block brz-p-relative brz-css-rgena brz-css-mwhlv\" data-custom-id=\"yqppwzsvxpcxcvfziyqzkjclwbyxtcpoakqx\"><source srcset=\"https:\/\/provida.com.vc\/wp-content\/uploads\/2022\/09\/2022-09-02-08_23_12-MapSVG-\u2039-provida-com-vc-\u2014-WordPress.png 1x, https:\/\/provida.com.vc\/wp-content\/uploads\/2022\/09\/2022-09-02-08_23_12-MapSVG-\u2039-provida-com-vc-\u2014-WordPress.png 2x\" media=\"(min-width: 992px)\" \/><source srcset=\"https:\/\/provida.com.vc\/wp-content\/uploads\/2022\/09\/2022-09-02-08_23_12-MapSVG-\u2039-provida-com-vc-\u2014-WordPress.png 1x, https:\/\/provida.com.vc\/wp-content\/uploads\/2022\/09\/2022-09-02-08_23_12-MapSVG-\u2039-provida-com-vc-\u2014-WordPress.png 2x\" media=\"(min-width: 768px)\" \/><img class=\"brz-img\" srcset=\"https:\/\/provida.com.vc\/wp-content\/uploads\/2022\/09\/2022-09-02-08_23_12-MapSVG-\u2039-provida-com-vc-\u2014-WordPress.png 1x, https:\/\/provida.com.vc\/wp-content\/uploads\/2022\/09\/2022-09-02-08_23_12-MapSVG-\u2039-provida-com-vc-\u2014-WordPress.png 2x\" src=\"https:\/\/provida.com.vc\/wp-content\/uploads\/2022\/09\/2022-09-02-08_23_12-MapSVG-\u2039-provida-com-vc-\u2014-WordPress.png\" alt=\"\" draggable=\"false\" loading=\"lazy\" \/><\/picture><\/div>\n<\/div>\n<div class=\"brz-css-rhcmz brz-wrapper\">\n<div class=\"brz-rich-text brz-rich-text__custom brz-css-iinfj\" data-custom-id=\"brxqgohzwcyljycewkjvwvpjyoamknmceyoe\">\n<div>\n<p class=\"brz-css-qtjen\" data-uniq-id=\"qnouc\" data-generated-css=\"brz-css-fsdyz\">Basta clicar no seu estado para revelar os dados sobre interna\u00e7\u00f5es maternas e m\u00e3es que partiram por Abex e Abop.<\/p>\n<\/div>\n<\/div>\n<\/div>\n<div class=\"brz-wrapper-clone brz-css-juqbz\">\n<div class=\"brz-d-xs-flex brz-flex-xs-wrap brz-css-pbtaa\">\n<div class=\"brz-wrapper-clone__item brz-css-ztqzd\" id=\"ltuasofhtlbgvaauigjvatcqsokboxjkhdpg\"><a class=\"brz-a brz-btn brz-css-jondi brz-css-mklkh\" href=\"#zaaetlhufrufuxqcexfptsgmjsyiwjemkcxh\" data-brz-link-type=\"popup\" id=\"dadosprovida\" data-custom-id=\"ltuasofhtlbgvaauigjvatcqsokboxjkhdpg\"><svg version=\"1.1\" xmlns=\"http:\/\/www.w3.org\/2000\/svg\" xmlns:xlink=\"http:\/\/www.w3.org\/1999\/xlink\" x=\"0px\" y=\"0px\" viewbox=\"0 0 24 24\" xml:space=\"preserve\" class=\"brz-icon-svg brz-css-vqtnr\" data-type=\"glyph\" data-name=\"circle-right-37\"><g class=\"nc-icon-wrapper\"><path fill=\"currentColor\" d=\"M12,0C5.383,0,0,5.383,0,12s5.383,12,12,12s12-5.383,12-12S18.617,0,12,0z M10,17.414L8.586,16l4-4l-4-4 L10,6.586L15.414,12L10,17.414z\" \/><\/g><\/svg><span class=\"brz-span brz-text__editor\">Dados Por Estado<\/span><\/a><\/div>\n<\/div>\n<\/div>\n<\/div>\n<\/div>\n<\/div>\n<div class=\"brz-carousel__item\">\n<div class=\"brz-columns brz-css-tmpws brz-css-qozeg\" data-custom-id=\"uwsnirqknnlcojqzgojwxiiuojdpagehfadp\">\n<div class=\"brz-column__items brz-css-uywdm\">\n<div class=\"brz-css-rhcmz brz-wrapper\">\n<div class=\"brz-image brz-css-tyqvd\"><picture class=\"brz-picture brz-d-block brz-p-relative brz-css-ijocl brz-css-pyyvl\" data-custom-id=\"yfpucqwondwovfjkvzvhwefcizbpnamjyqnp\"><source srcset=\"https:\/\/provida.com.vc\/wp-content\/uploads\/2022\/09\/2022-09-02-08_38_18-Home-provida-com-vc.png 1x, https:\/\/provida.com.vc\/wp-content\/uploads\/2022\/09\/2022-09-02-08_38_18-Home-provida-com-vc.png 2x\" media=\"(min-width: 992px)\" \/><source srcset=\"https:\/\/provida.com.vc\/wp-content\/uploads\/2022\/09\/2022-09-02-08_38_18-Home-provida-com-vc.png 1x, https:\/\/provida.com.vc\/wp-content\/uploads\/2022\/09\/2022-09-02-08_38_18-Home-provida-com-vc.png 2x\" media=\"(min-width: 768px)\" \/><img class=\"brz-img\" srcset=\"https:\/\/provida.com.vc\/wp-content\/uploads\/2022\/09\/2022-09-02-08_38_18-Home-provida-com-vc.png 1x, https:\/\/provida.com.vc\/wp-content\/uploads\/2022\/09\/2022-09-02-08_38_18-Home-provida-com-vc.png 2x\" src=\"https:\/\/provida.com.vc\/wp-content\/uploads\/2022\/09\/2022-09-02-08_38_18-Home-provida-com-vc.png\" alt=\"\" draggable=\"false\" loading=\"lazy\" \/><\/picture><\/div>\n<\/div>\n<div class=\"brz-css-rhcmz brz-wrapper\">\n<div class=\"brz-rich-text brz-rich-text__custom brz-css-iinfj\" data-custom-id=\"zsddrkzlfvuxzfukwvadsyusjeozytgipghq\">\n<div>\n<p class=\"brz-css-jfhhr\" data-generated-css=\"brz-css-ldech\" data-uniq-id=\"zqfjh\">Este \u00e9 o super calend\u00e1rio que vai impedir que voc\u00ea perca algum evento<\/p>\n<\/div>\n<\/div>\n<\/div>\n<div class=\"brz-wrapper-clone brz-css-juqbz\">\n<div class=\"brz-d-xs-flex brz-flex-xs-wrap brz-css-pbtaa\">\n<div class=\"brz-wrapper-clone__item brz-css-ztqzd\" id=\"lzunzsrfjkyktkhvlmamymqhdmwujtgclxze\"><a class=\"brz-a brz-btn brz-css-jondi brz-css-sntnn\" href=\"#nxomuzfckwtdwtxsnibbfnzidmszokcryhil\" data-brz-link-type=\"popup\" id data-custom-id=\"lzunzsrfjkyktkhvlmamymqhdmwujtgclxze\"><svg version=\"1.1\" xmlns=\"http:\/\/www.w3.org\/2000\/svg\" xmlns:xlink=\"http:\/\/www.w3.org\/1999\/xlink\" x=\"0px\" y=\"0px\" viewbox=\"0 0 24 24\" xml:space=\"preserve\" class=\"brz-icon-svg brz-css-vqtnr\" data-type=\"glyph\" data-name=\"circle-right-37\"><g class=\"nc-icon-wrapper\"><path fill=\"currentColor\" d=\"M12,0C5.383,0,0,5.383,0,12s5.383,12,12,12s12-5.383,12-12S18.617,0,12,0z M10,17.414L8.586,16l4-4l-4-4 L10,6.586L15.414,12L10,17.414z\" \/><\/g><\/svg><span class=\"brz-span brz-text__editor\">Calend\u00e1rio\u00a0 Pr\u00f3-Vida<\/span><\/a><\/div>\n<\/div>\n<\/div>\n<\/div>\n<\/div>\n<\/div>\n<p><svg viewbox=\"0 0 16 16\" xmlns=\"http:\/\/www.w3.org\/2000\/svg\" class=\"brz-icon-svg brz-hidden\" data-type=\"editor\" data-name=\"right-arrow-filled\"><g class=\"nc-icon-wrapper\" fill=\"currentColor\"><title>round<\/title><path d=\"M8 0C3.6 0 0 3.6 0 8s3.6 8 8 8 8-3.6 8-8-3.6-8-8-8zM7 11.4L5.6 10l2-2-2-2L7 4.6 10.4 8 7 11.4z\" fill=\"currentColor\" fill-rule=\"nonzero\" stroke=\"none\" stroke-width=\"1\" \/><\/g><\/svg>\n<\/div>\n<\/div>\n<\/div>\n<\/div>\n<\/div>\n<\/section>\n<section data-uid=\"qppkawvqwpudbbcptqhlnzsorbieiegvcfps\" id=\"qppkawvqwpudbbcptqhlnzsorbieiegvcfps\" class=\"brz-section brz-css-rdnnv brz-css-wctyl\">\n<div class=\"brz-section__content brz-section--boxed brz-css-gztpu brz-css-xydyo\" data-custom-id=\"vdkgzriznunzjuzkegiihdxaryhdmasvfjdq\">\n<div class=\"brz-bg\">\n<div class=\"brz-bg-image\"><\/div>\n<\/div>\n<div class=\"brz-container brz-css-zqwyo\"><\/div>\n<\/div>\n<\/section>\n<section data-uid=\"lopjdoepvpthnmmuximjdhtepmqdtmrwlrkk\" id=\"lopjdoepvpthnmmuximjdhtepmqdtmrwlrkk\" class=\"brz-section brz-css-rdnnv brz-css-knonn\">\n<div class=\"brz-section__content brz-section--boxed brz-css-gztpu brz-css-wosci\" data-custom-id=\"dsbchzrrwpwthldopjrmyxyuikxhwsoqfxsa\">\n<div class=\"brz-bg\">\n<div class=\"brz-bg-image brz-bg-image-parallax\"><\/div>\n<\/div>\n<div class=\"brz-container brz-css-zqwyo\"><\/div>\n<\/div>\n<\/section>\n<\/div>\n<div class=\"brz-popup2 brz-popup2__preview brz-simple-popup brz-css-apyoc brz-css-ltfgn\" id=\"ybwhzezcnbhvklmqobqwysrdpdqwkcqetgyy\" data-brz-popup=\"qlnkchaijaelhmddlmtfqrqjezfdzcvgqpgq\" data-click_outside_to_close=\"true\" data-custom-id=\"ijbiabayoucnhrnfpzjorharpfbpxoeqwslc\">\n<div class=\"brz-bg\">\n<div class=\"brz-bg-color\"><\/div>\n<\/div>\n<div class=\"brz-popup2__inner brz-d-xs-flex brz-flex-xs-wrap brz-css-iyttg brz-css-qplqz\">\n<div class=\"brz-container__wrap\">\n<div class=\"brz-popup2__close\"><svg viewbox=\"0 0 16 16\" version=\"1.1\" xmlns=\"http:\/\/www.w3.org\/2000\/svg\" xmlns:xlink=\"http:\/\/www.w3.org\/1999\/xlink\" class=\"brz-icon-svg\" data-type=\"editor\" data-name=\"close-popup\"> <g id=\"close-popup\" stroke=\"none\" stroke-width=\"1\" fill=\"none\" fill-rule=\"evenodd\" stroke-linecap=\"square\"> <path d=\"M1.5,1.5 L14.5384048,14.5384048\" id=\"Line-2\" stroke=\"currentColor\" fill-rule=\"nonzero\" \/> <path d=\"M1.5,1.5 L14.5384048,14.5384048\" id=\"Line-2\" stroke=\"currentColor\" fill-rule=\"nonzero\" transform=\"translate(8.000000, 8.000000) scale(-1, 1) translate(-8.000000, -8.000000) \" \/> <\/g> <\/svg><\/div>\n<div class=\"brz-container\">\n<div class=\"brz-row__container brz-css-mohzp brz-css-dqhyl\" data-custom-id=\"pvclvmvogscrgivogzajxbjcjqrrrkydflgz\">\n<div class=\"brz-bg\"><\/div>\n<div class=\"brz-row brz-css-kpnvg brz-css-yfsqk\">\n<div class=\"brz-columns brz-css-tmpws brz-css-gkcjb\" data-custom-id=\"qrexvgswobbyiqwljeiuoybptrlocotvgqmi\">\n<div class=\"brz-column__items brz-css-uywdm brz-css-jfbxt\">\n<div class=\"brz-css-rhcmz brz-wrapper\">\n<div class=\"brz-embed-code brz-css-ejuwn\" data-custom-id=\"tymklhgxflwmmpjroslmgqdamslpijustszp\">\n<div class=\"brz-embed-content\">\n<div class><div id=\"mapsvg-8\" class=\"mapsvg\"><\/div><\/div>\n<\/div>\n<\/div>\n<\/div>\n<div class=\"brz-wrapper-clone brz-css-juqbz brz-css-fxeyh\">\n<div class=\"brz-d-xs-flex brz-flex-xs-wrap brz-css-pbtaa\">\n<div class=\"brz-wrapper-clone__item brz-css-ztqzd\" id=\"hdudppuirfofsrsrxkkvmbyadprdkndcvtzn\"><a class=\"brz-a brz-btn brz-css-jondi brz-css-csvzp\" href data-brz-link-type=\"external\" id data-custom-id=\"hdudppuirfofsrsrxkkvmbyadprdkndcvtzn\"><span class=\"brz-span brz-text__editor\">Voltar<\/span><\/a><\/div>\n<\/div>\n<\/div>\n<\/div>\n<\/div>\n<\/div>\n<\/div>\n<\/div>\n<\/div>\n<\/div>\n<\/div>\n<div class=\"brz-popup2 brz-popup2__preview brz-simple-popup brz-css-apyoc brz-css-lseyf\" id=\"pyzkhtnpihxftmewcbgbpojcigfrhfzmtybs\" data-brz-popup=\"krjxbcsdmtrqlemxeabrqvyucpnaoqyhtoqi\" data-click_outside_to_close=\"true\" data-custom-id=\"fcxssttpidfrcahwcxmsqqqqcbrvhizgbgsu\">\n<div class=\"brz-bg\">\n<div class=\"brz-bg-color\"><\/div>\n<\/div>\n<div class=\"brz-popup2__inner brz-d-xs-flex brz-flex-xs-wrap brz-css-iyttg brz-css-siuzm\">\n<div class=\"brz-container__wrap\">\n<div class=\"brz-popup2__close\"><svg viewbox=\"0 0 16 16\" version=\"1.1\" xmlns=\"http:\/\/www.w3.org\/2000\/svg\" xmlns:xlink=\"http:\/\/www.w3.org\/1999\/xlink\" class=\"brz-icon-svg\" data-type=\"editor\" data-name=\"close-popup\"> <g id=\"close-popup\" stroke=\"none\" stroke-width=\"1\" fill=\"none\" fill-rule=\"evenodd\" stroke-linecap=\"square\"> <path d=\"M1.5,1.5 L14.5384048,14.5384048\" id=\"Line-2\" stroke=\"currentColor\" fill-rule=\"nonzero\" \/> <path d=\"M1.5,1.5 L14.5384048,14.5384048\" id=\"Line-2\" stroke=\"currentColor\" fill-rule=\"nonzero\" transform=\"translate(8.000000, 8.000000) scale(-1, 1) translate(-8.000000, -8.000000) \" \/> <\/g> <\/svg><\/div>\n<div class=\"brz-container\">\n<div class=\"brz-row__container brz-css-mohzp brz-css-tbjed\" data-custom-id=\"eiyzlqdfsgwerqlzsrujryytdxeistudurds\">\n<div class=\"brz-bg\"><\/div>\n<div class=\"brz-row brz-css-kpnvg brz-css-qmsng\">\n<div class=\"brz-columns brz-css-tmpws brz-css-skqab\" data-custom-id=\"spbxsyohodzvfcyzkvmezumijntglwninjpm\">\n<div class=\"brz-column__items brz-css-uywdm brz-css-echhb\">\n<div class=\"brz-css-rhcmz brz-wrapper\">\n<div class=\"brz-embed-code brz-css-ejuwn\" data-custom-id=\"hxhjngtkmizpaxmwogzmuxiclxqktaegbpuj\">\n<div class=\"brz-embed-content\">\n<div class><div id=\"mapsvg-268\" class=\"mapsvg\"><\/div><\/div>\n<\/div>\n<\/div>\n<\/div>\n<div class=\"brz-wrapper-clone brz-css-juqbz brz-css-kwlbd\">\n<div class=\"brz-d-xs-flex brz-flex-xs-wrap brz-css-pbtaa\">\n<div class=\"brz-wrapper-clone__item brz-css-ztqzd\" id=\"blgsdcastcolwntcmuvyabqrfnnkqcbazngv\"><a class=\"brz-a brz-btn brz-css-jondi brz-css-nucxh\" href data-brz-link-type=\"external\" id data-custom-id=\"blgsdcastcolwntcmuvyabqrfnnkqcbazngv\"><span class=\"brz-span brz-text__editor\">Voltar<\/span><\/a><\/div>\n<\/div>\n<\/div>\n<\/div>\n<\/div>\n<\/div>\n<\/div>\n<\/div>\n<\/div>\n<\/div>\n<\/div>\n<div class=\"brz-popup2 brz-popup2__preview brz-simple-popup brz-css-apyoc brz-css-eczhr\" id=\"zdahohtaqrgpltklvvuxiadfoucqhujxcywy\" data-brz-popup=\"zaaetlhufrufuxqcexfptsgmjsyiwjemkcxh\" data-click_outside_to_close=\"true\" data-custom-id=\"jsnuvsnbmepnacvdmqivolyhsqtkbadstund\">\n<div class=\"brz-bg\">\n<div class=\"brz-bg-color\"><\/div>\n<\/div>\n<div class=\"brz-popup2__inner brz-d-xs-flex brz-flex-xs-wrap brz-css-iyttg brz-css-eacmw\">\n<div class=\"brz-container__wrap\">\n<div class=\"brz-popup2__close\"><svg viewbox=\"0 0 16 16\" version=\"1.1\" xmlns=\"http:\/\/www.w3.org\/2000\/svg\" xmlns:xlink=\"http:\/\/www.w3.org\/1999\/xlink\" class=\"brz-icon-svg\" data-type=\"editor\" data-name=\"close-popup\"> <g id=\"close-popup\" stroke=\"none\" stroke-width=\"1\" fill=\"none\" fill-rule=\"evenodd\" stroke-linecap=\"square\"> <path d=\"M1.5,1.5 L14.5384048,14.5384048\" id=\"Line-2\" stroke=\"currentColor\" fill-rule=\"nonzero\" \/> <path d=\"M1.5,1.5 L14.5384048,14.5384048\" id=\"Line-2\" stroke=\"currentColor\" fill-rule=\"nonzero\" transform=\"translate(8.000000, 8.000000) scale(-1, 1) translate(-8.000000, -8.000000) \" \/> <\/g> <\/svg><\/div>\n<div class=\"brz-container\">\n<div class=\"brz-row__container brz-css-mohzp brz-css-znvry\" data-custom-id=\"vuyldbhgjrftjvpglyexakibxdeyoxywelex\">\n<div class=\"brz-bg\"><\/div>\n<div class=\"brz-row brz-css-kpnvg brz-css-ukkfx\">\n<div class=\"brz-columns brz-css-tmpws brz-css-sqegg\" data-custom-id=\"ydxfsxphlzalghhrljusfvbpmloraobicrel\">\n<div class=\"brz-column__items brz-css-uywdm brz-css-hzesg\">\n<div class=\"brz-css-rhcmz brz-wrapper\">\n<div class=\"brz-embed-code brz-css-ejuwn\" data-custom-id=\"srsjbhgxbsigfkxgvccxrezcyglhatebgvdg\">\n<div class=\"brz-embed-content\">\n<div class><div id=\"mapsvg-71\" class=\"mapsvg\"><\/div><\/div>\n<\/div>\n<\/div>\n<\/div>\n<div class=\"brz-wrapper-clone brz-css-juqbz brz-css-jcrqb\">\n<div class=\"brz-d-xs-flex brz-flex-xs-wrap brz-css-pbtaa\">\n<div class=\"brz-wrapper-clone__item brz-css-ztqzd\" id=\"xmaatbmzaokpewxcafgjaruawpmrnkoiaape\"><a class=\"brz-a brz-btn brz-css-jondi brz-css-fcsma\" href data-brz-link-type=\"external\" id data-custom-id=\"xmaatbmzaokpewxcafgjaruawpmrnkoiaape\"><span class=\"brz-span brz-text__editor\">Voltar<\/span><\/a><\/div>\n<\/div>\n<\/div>\n<\/div>\n<\/div>\n<\/div>\n<\/div>\n<\/div>\n<\/div>\n<\/div>\n<\/div>\n<div class=\"brz-popup2 brz-popup2__preview brz-simple-popup brz-css-apyoc brz-css-uayuq\" id=\"pyzkhtnpihxftmewcbgbpojcigfrhfzmtybs\" data-brz-popup=\"nxomuzfckwtdwtxsnibbfnzidmszokcryhil\" data-click_outside_to_close=\"true\" data-custom-id=\"weaordouovigcjqajygcgirmhweeqmuqmxoy\">\n<div class=\"brz-bg\">\n<div class=\"brz-bg-color\"><\/div>\n<\/div>\n<div class=\"brz-popup2__inner brz-d-xs-flex brz-flex-xs-wrap brz-css-iyttg brz-css-nwsdj\">\n<div class=\"brz-container__wrap\">\n<div class=\"brz-popup2__close\"><svg viewbox=\"0 0 16 16\" version=\"1.1\" xmlns=\"http:\/\/www.w3.org\/2000\/svg\" xmlns:xlink=\"http:\/\/www.w3.org\/1999\/xlink\" class=\"brz-icon-svg\" data-type=\"editor\" data-name=\"close-popup\"> <g id=\"close-popup\" stroke=\"none\" stroke-width=\"1\" fill=\"none\" fill-rule=\"evenodd\" stroke-linecap=\"square\"> <path d=\"M1.5,1.5 L14.5384048,14.5384048\" id=\"Line-2\" stroke=\"currentColor\" fill-rule=\"nonzero\" \/> <path d=\"M1.5,1.5 L14.5384048,14.5384048\" id=\"Line-2\" stroke=\"currentColor\" fill-rule=\"nonzero\" transform=\"translate(8.000000, 8.000000) scale(-1, 1) translate(-8.000000, -8.000000) \" \/> <\/g> <\/svg><\/div>\n<div class=\"brz-container\">\n<div class=\"brz-row__container brz-css-mohzp brz-css-kwmoa\" data-custom-id=\"vglnlbsnucyxhtynqlzmqskkhhxknrdwawlv\">\n<div class=\"brz-bg\"><\/div>\n<div class=\"brz-row brz-css-kpnvg brz-css-chmqa\">\n<div class=\"brz-columns brz-css-tmpws brz-css-cnuyc\" data-custom-id=\"ydtxoolkcnpkpducogtnnrbtwrledclidbfr\">\n<div class=\"brz-column__items brz-css-uywdm brz-css-vzjuo\">\n<div class=\"brz-css-rhcmz brz-wrapper\">\n<div class=\"brz-embed-code brz-css-ejuwn\" data-custom-id=\"buevxnagantedgkkfstomtklqrekzddedugh\">\n<div class=\"brz-embed-content\">\n<div class><iframe loading=\"lazy\" src=\"https:\/\/calendar.google.com\/calendar\/embed?src=37fuqnscv6qg9260kasfho3da8%40group.calendar.google.com&ctz=America%2FSao_Paulo\" style=\"border: 0\" width=\"800\" height=\"600\" frameborder=\"0\" scrolling=\"no\"><\/iframe><\/div>\n<\/div>\n<\/div>\n<\/div>\n<div class=\"brz-wrapper-clone brz-css-juqbz brz-css-qnfwx\">\n<div class=\"brz-d-xs-flex brz-flex-xs-wrap brz-css-pbtaa\">\n<div class=\"brz-wrapper-clone__item brz-css-ztqzd\" id=\"foxgokijpusxfumvzhucusthhlazmilpesuz\"><a class=\"brz-a brz-btn brz-css-jondi brz-css-rewxc\" href data-brz-link-type=\"external\" id data-custom-id=\"foxgokijpusxfumvzhucusthhlazmilpesuz\"><span class=\"brz-span brz-text__editor\">Voltar<\/span><\/a><\/div>\n<\/div>\n<\/div>\n<\/div>\n<\/div>\n<\/div>\n<\/div>\n<\/div>\n<\/div>\n<\/div>\n<\/div>\n<p><!-- version:1663296630 --><\/p>\n","protected":false},"excerpt":{"rendered":"<p>As informa\u00e7\u00f5es Pr\u00f3-Vida em um s\u00f3 lugar Aqui voc\u00ea encontra o mapa do Brasil com a localiza\u00e7\u00e3o e informa\u00e7\u00e3o de todas as casas de apoio Pr\u00f3-Vida do Brasil. Mapa Pr\u00f3-Vida Selecione o pa\u00eds e veja as informa\u00e7\u00f5es sobre interna\u00e7\u00f5es maternas, m\u00e3es que partiram e fugitivos da vida. Dados por Pa\u00eds Basta clicar no seu estado [&hellip;]<\/p>\n","protected":false},"author":1,"featured_media":0,"parent":0,"menu_order":0,"comment_status":"closed","ping_status":"closed","template":"brizy-blank-template.php","meta":{"_et_pb_use_builder":"","_et_pb_old_content":"","_et_gb_content_width":"","om_disable_all_campaigns":false,"_monsterinsights_skip_tracking":false,"_monsterinsights_sitenote_active":false,"_monsterinsights_sitenote_note":"","_monsterinsights_sitenote_category":0},"aioseo_notices":[],"_links":{"self":[{"href":"https:\/\/provida.com.vc\/index.php\/wp-json\/wp\/v2\/pages\/11"}],"collection":[{"href":"https:\/\/provida.com.vc\/index.php\/wp-json\/wp\/v2\/pages"}],"about":[{"href":"https:\/\/provida.com.vc\/index.php\/wp-json\/wp\/v2\/types\/page"}],"author":[{"embeddable":true,"href":"https:\/\/provida.com.vc\/index.php\/wp-json\/wp\/v2\/users\/1"}],"replies":[{"embeddable":true,"href":"https:\/\/provida.com.vc\/index.php\/wp-json\/wp\/v2\/comments?post=11"}],"version-history":[{"count":30,"href":"https:\/\/provida.com.vc\/index.php\/wp-json\/wp\/v2\/pages\/11\/revisions"}],"predecessor-version":[{"id":329,"href":"https:\/\/provida.com.vc\/index.php\/wp-json\/wp\/v2\/pages\/11\/revisions\/329"}],"wp:attachment":[{"href":"https:\/\/provida.com.vc\/index.php\/wp-json\/wp\/v2\/media?parent=11"}],"curies":[{"name":"wp","href":"https:\/\/api.w.org\/{rel}","templated":true}]}}